{"id":616,"date":"2026-03-03T10:25:36","date_gmt":"2026-03-03T09:25:36","guid":{"rendered":"https:\/\/hyada.fr\/?post_type=product&#038;p=616"},"modified":"2026-03-08T18:37:42","modified_gmt":"2026-03-08T17:37:42","slug":"custom-cadre","status":"publish","type":"product","link":"https:\/\/hyada.fr\/en\/product\/custom-cadre\/","title":{"rendered":"Custom cadre TCG"},"content":{"rendered":"<p>Tu ne sais pas quoi faire de tes emballages boosters ou tu souhaites sublimer tes cartes ? Voici un moyen de les mettre en valeur ! Je prolonge l&rsquo;univers du TCG en cr\u00e9ant un cadre d\u00e9coratif.<\/p>\n<h3>\u2705The service includes:<\/h3>\n<ul>\n<li>2 croquis propos\u00e9s, tu choisis celui qui te pla\u00eet et tu peux me demander de modifier (jusqu&rsquo;\u00e0 3 retours majeurs compris dans la prestation pour ajuster le croquis \u00e0 ta convenance). Pour pouvoir t&rsquo;envoyer le cadre assez rapidement, il est pr\u00e9f\u00e9rable de m&rsquo;indiquer tes directives assez t\u00f4t dans notre \u00e9change.<\/li>\n<li>La r\u00e9alisation du cadre. Les mati\u00e8res premi\u00e8res (hors booster ou cartes) sont comprises dans les frais de prestation.<\/li>\n<li>L&rsquo;envoi du cadre \u00e0 ton domicile (frais d&rsquo;exp\u00e9dition vers la France inclus, majoration \u00e0 l&rsquo;\u00e9tranger).<\/li>\n<li>Un code promo de 5% (<a href=\"https:\/\/hyada.fr\/en\/boutique\/\" target=\"_blank\" rel=\"noopener\">throughout the store<\/a>) on your next order.<\/li>\n<li>The price includes the cost of cards or booster packs up to \u20ac8 per set. If the total exceeds this, you will be asked to pay the difference. You also have the option of sending them to me (the service does not include these shipping costs).<\/li>\n<\/ul>\n<p>Once your order has been confirmed, I will get back to you quickly to discuss the practical details (shipping address or Cardmarket order tracking, sketches, etc.).<\/p>\n<p>\u26a0\ufe0fPlaces are limited to 15 customizations until April 30. No later date at this stage.<\/p>\n<p>&nbsp;<\/p>\n<p>___________________________<\/p>\n<p>A memorable souvenir to give (yourself)!<\/p>\n<p>Are you looking for <strong>a unique gift<\/strong> pour un passionn\u00e9 de TCG (Pokemon, Lorcana, MTG&#8230;) ? Offre un cadre <strong>personnalis\u00e9<\/strong>, a <strong>rare and unique item<\/strong> which <strong>will enhance<\/strong> your collection! I turn your ideas into <strong>unique collectibles<\/strong>, carefully designed to captivate enthusiasts and playersalike. Each creation is designed to enhance your collection or become its centerpiece!<\/p>\n<p>Discover my creations and be inspired to give a gift that is just as special <strong>than exceptionnal.<\/strong> !<\/p>\n<p><a href=\"https:\/\/hyada.fr\/en\/boutique\/\" target=\"_blank\" rel=\"noopener\">My shop<\/a><\/p>\n<p>[Custom carte Lorcana (full art), Disney, Lorcana, Ravensburger, Nintendo, Pokemon, One Piece, Magic the Gathering, TCG, MTG, Altered]<\/p>\n<p>&nbsp;<\/p>\n<p>&nbsp;<\/p>","protected":false},"excerpt":{"rendered":"<p>[Lorcana, Pokemon, MTG, One Piece, Wankul&#8230;]<\/p>\n<p>Pour un cadeau, une collection ou toute autre occasion, si tu es fan de TCG, c&rsquo;est le cadeau id\u00e9al !<\/p>\n<p>Je cr\u00e9e un cadre de l&rsquo;univers de ton choix (lieu, objet, personnage, chanson du TCG que tu souhaites&#8230;).<\/p>\n<p>D\u00e9tail du contenu de la prestation en description longue du produit \ud83d\udc47<\/p>","protected":false},"featured_media":617,"comment_status":"open","ping_status":"closed","template":"","meta":{"_monsterinsights_skip_tracking":false,"_monsterinsights_sitenote_active":false,"_monsterinsights_sitenote_note":"","_monsterinsights_sitenote_category":0},"product_brand":[],"product_cat":[28],"product_tag":[],"class_list":{"0":"post-616","1":"product","2":"type-product","3":"status-publish","4":"has-post-thumbnail","6":"product_cat-custom-tcg","8":"first","9":"instock","10":"taxable","11":"shipping-taxable","12":"purchasable","13":"product-type-simple"},"yoast_head":"<!-- This site is optimized with the Yoast SEO plugin v27.5 - https:\/\/yoast.com\/product\/yoast-seo-wordpress\/ -->\n<title>Custom cadre TCG - Fantasticove<\/title>\n<meta name=\"description\" content=\"Envie d&#039;un cadeau sympa et unique pour un fan Disney, Pokemon ou Magic ? Je customise un cadre \u00e0 partir de cartes \u00e0 jouer ou de boosters. Customisation, full art, tcg, carte \u00e0 collectionner, Disney, Ravensburger,Custom full art Lorcana, Pokemon, Wankul, One Piece, Altered\" \/>\n<meta name=\"robots\" content=\"index, follow, max-snippet:-1, max-image-preview:large, max-video-preview:-1\" \/>\n<link rel=\"canonical\" href=\"https:\/\/hyada.fr\/en\/product\/custom-cadre\/\" \/>\n<meta property=\"og:locale\" content=\"en_US\" \/>\n<meta property=\"og:type\" content=\"article\" \/>\n<meta property=\"og:title\" content=\"Custom cadre TCG - Fantasticove\" \/>\n<meta property=\"og:description\" content=\"Envie d&#039;un cadeau sympa et unique pour un fan Disney, Pokemon ou Magic ? Je customise un cadre \u00e0 partir de cartes \u00e0 jouer ou de boosters. Customisation, full art, tcg, carte \u00e0 collectionner, Disney, Ravensburger,Custom full art Lorcana, Pokemon, Wankul, One Piece, Altered\" \/>\n<meta property=\"og:url\" content=\"https:\/\/hyada.fr\/en\/product\/custom-cadre\/\" \/>\n<meta property=\"og:site_name\" content=\"Fantasticove\" \/>\n<meta property=\"article:modified_time\" content=\"2026-03-08T17:37:42+00:00\" \/>\n<meta property=\"og:image\" content=\"https:\/\/hyada.fr\/wp-content\/uploads\/2026\/03\/Cadre-TCG.png\" \/>\n\t<meta property=\"og:image:width\" content=\"1080\" \/>\n\t<meta property=\"og:image:height\" content=\"1080\" \/>\n\t<meta property=\"og:image:type\" content=\"image\/png\" \/>\n<meta name=\"twitter:card\" content=\"summary_large_image\" \/>\n<meta name=\"twitter:label1\" content=\"Est. reading time\" \/>\n\t<meta name=\"twitter:data1\" content=\"2 minutes\" \/>\n<script type=\"application\/ld+json\" class=\"yoast-schema-graph\">{\"@context\":\"https:\\\/\\\/schema.org\",\"@graph\":[{\"@type\":\"WebPage\",\"@id\":\"https:\\\/\\\/hyada.fr\\\/produit\\\/custom-cadre\\\/\",\"url\":\"https:\\\/\\\/hyada.fr\\\/produit\\\/custom-cadre\\\/\",\"name\":\"Custom cadre TCG - Fantasticove\",\"isPartOf\":{\"@id\":\"https:\\\/\\\/hyada.fr\\\/#website\"},\"primaryImageOfPage\":{\"@id\":\"https:\\\/\\\/hyada.fr\\\/produit\\\/custom-cadre\\\/#primaryimage\"},\"image\":{\"@id\":\"https:\\\/\\\/hyada.fr\\\/produit\\\/custom-cadre\\\/#primaryimage\"},\"thumbnailUrl\":\"https:\\\/\\\/hyada.fr\\\/wp-content\\\/uploads\\\/2026\\\/03\\\/Cadre-TCG.png\",\"datePublished\":\"2026-03-03T09:25:36+00:00\",\"dateModified\":\"2026-03-08T17:37:42+00:00\",\"description\":\"Envie d'un cadeau sympa et unique pour un fan Disney, Pokemon ou Magic ? Je customise un cadre \u00e0 partir de cartes \u00e0 jouer ou de boosters. Customisation, full art, tcg, carte \u00e0 collectionner, Disney, Ravensburger,Custom full art Lorcana, Pokemon, Wankul, One Piece, Altered\",\"breadcrumb\":{\"@id\":\"https:\\\/\\\/hyada.fr\\\/produit\\\/custom-cadre\\\/#breadcrumb\"},\"inLanguage\":\"en-US\",\"potentialAction\":[{\"@type\":\"ReadAction\",\"target\":[\"https:\\\/\\\/hyada.fr\\\/produit\\\/custom-cadre\\\/\"]}]},{\"@type\":\"ImageObject\",\"inLanguage\":\"en-US\",\"@id\":\"https:\\\/\\\/hyada.fr\\\/produit\\\/custom-cadre\\\/#primaryimage\",\"url\":\"https:\\\/\\\/hyada.fr\\\/wp-content\\\/uploads\\\/2026\\\/03\\\/Cadre-TCG.png\",\"contentUrl\":\"https:\\\/\\\/hyada.fr\\\/wp-content\\\/uploads\\\/2026\\\/03\\\/Cadre-TCG.png\",\"width\":1080,\"height\":1080},{\"@type\":\"BreadcrumbList\",\"@id\":\"https:\\\/\\\/hyada.fr\\\/produit\\\/custom-cadre\\\/#breadcrumb\",\"itemListElement\":[{\"@type\":\"ListItem\",\"position\":1,\"name\":\"Home\",\"item\":\"https:\\\/\\\/hyada.fr\\\/\"},{\"@type\":\"ListItem\",\"position\":2,\"name\":\"Boutique\",\"item\":\"https:\\\/\\\/hyada.fr\\\/boutique\\\/\"},{\"@type\":\"ListItem\",\"position\":3,\"name\":\"Custom cadre TCG\"}]},{\"@type\":\"WebSite\",\"@id\":\"https:\\\/\\\/hyada.fr\\\/#website\",\"url\":\"https:\\\/\\\/hyada.fr\\\/\",\"name\":\"Fantasticove\",\"description\":\"Cr\u00e9ation de projets en tous genres (peinture, couture, costume, cartes custom TCG...)\",\"publisher\":{\"@id\":\"https:\\\/\\\/hyada.fr\\\/#organization\"},\"potentialAction\":[{\"@type\":\"SearchAction\",\"target\":{\"@type\":\"EntryPoint\",\"urlTemplate\":\"https:\\\/\\\/hyada.fr\\\/?s={search_term_string}\"},\"query-input\":{\"@type\":\"PropertyValueSpecification\",\"valueRequired\":true,\"valueName\":\"search_term_string\"}}],\"inLanguage\":\"en-US\"},{\"@type\":\"Organization\",\"@id\":\"https:\\\/\\\/hyada.fr\\\/#organization\",\"name\":\"Fantasticove\",\"url\":\"https:\\\/\\\/hyada.fr\\\/\",\"logo\":{\"@type\":\"ImageObject\",\"inLanguage\":\"en-US\",\"@id\":\"https:\\\/\\\/hyada.fr\\\/#\\\/schema\\\/logo\\\/image\\\/\",\"url\":\"https:\\\/\\\/hyada.fr\\\/wp-content\\\/uploads\\\/2025\\\/10\\\/Logo.png\",\"contentUrl\":\"https:\\\/\\\/hyada.fr\\\/wp-content\\\/uploads\\\/2025\\\/10\\\/Logo.png\",\"width\":2481,\"height\":1772,\"caption\":\"Fantasticove\"},\"image\":{\"@id\":\"https:\\\/\\\/hyada.fr\\\/#\\\/schema\\\/logo\\\/image\\\/\"}}]}<\/script>\n<!-- \/ Yoast SEO plugin. -->","yoast_head_json":{"title":"Custom cadre TCG - Fantasticove","description":"Envie d'un cadeau sympa et unique pour un fan Disney, Pokemon ou Magic ? Je customise un cadre \u00e0 partir de cartes \u00e0 jouer ou de boosters. Customisation, full art, tcg, carte \u00e0 collectionner, Disney, Ravensburger,Custom full art Lorcana, Pokemon, Wankul, One Piece, Altered","robots":{"index":"index","follow":"follow","max-snippet":"max-snippet:-1","max-image-preview":"max-image-preview:large","max-video-preview":"max-video-preview:-1"},"canonical":"https:\/\/hyada.fr\/en\/product\/custom-cadre\/","og_locale":"en_US","og_type":"article","og_title":"Custom cadre TCG - Fantasticove","og_description":"Envie d'un cadeau sympa et unique pour un fan Disney, Pokemon ou Magic ? Je customise un cadre \u00e0 partir de cartes \u00e0 jouer ou de boosters. Customisation, full art, tcg, carte \u00e0 collectionner, Disney, Ravensburger,Custom full art Lorcana, Pokemon, Wankul, One Piece, Altered","og_url":"https:\/\/hyada.fr\/en\/product\/custom-cadre\/","og_site_name":"Fantasticove","article_modified_time":"2026-03-08T17:37:42+00:00","og_image":[{"width":1080,"height":1080,"url":"https:\/\/hyada.fr\/wp-content\/uploads\/2026\/03\/Cadre-TCG.png","type":"image\/png"}],"twitter_card":"summary_large_image","twitter_misc":{"Est. reading time":"2 minutes"},"schema":{"@context":"https:\/\/schema.org","@graph":[{"@type":"WebPage","@id":"https:\/\/hyada.fr\/produit\/custom-cadre\/","url":"https:\/\/hyada.fr\/produit\/custom-cadre\/","name":"Custom cadre TCG - Fantasticove","isPartOf":{"@id":"https:\/\/hyada.fr\/#website"},"primaryImageOfPage":{"@id":"https:\/\/hyada.fr\/produit\/custom-cadre\/#primaryimage"},"image":{"@id":"https:\/\/hyada.fr\/produit\/custom-cadre\/#primaryimage"},"thumbnailUrl":"https:\/\/hyada.fr\/wp-content\/uploads\/2026\/03\/Cadre-TCG.png","datePublished":"2026-03-03T09:25:36+00:00","dateModified":"2026-03-08T17:37:42+00:00","description":"Envie d'un cadeau sympa et unique pour un fan Disney, Pokemon ou Magic ? Je customise un cadre \u00e0 partir de cartes \u00e0 jouer ou de boosters. Customisation, full art, tcg, carte \u00e0 collectionner, Disney, Ravensburger,Custom full art Lorcana, Pokemon, Wankul, One Piece, Altered","breadcrumb":{"@id":"https:\/\/hyada.fr\/produit\/custom-cadre\/#breadcrumb"},"inLanguage":"en-US","potentialAction":[{"@type":"ReadAction","target":["https:\/\/hyada.fr\/produit\/custom-cadre\/"]}]},{"@type":"ImageObject","inLanguage":"en-US","@id":"https:\/\/hyada.fr\/produit\/custom-cadre\/#primaryimage","url":"https:\/\/hyada.fr\/wp-content\/uploads\/2026\/03\/Cadre-TCG.png","contentUrl":"https:\/\/hyada.fr\/wp-content\/uploads\/2026\/03\/Cadre-TCG.png","width":1080,"height":1080},{"@type":"BreadcrumbList","@id":"https:\/\/hyada.fr\/produit\/custom-cadre\/#breadcrumb","itemListElement":[{"@type":"ListItem","position":1,"name":"Home","item":"https:\/\/hyada.fr\/"},{"@type":"ListItem","position":2,"name":"Boutique","item":"https:\/\/hyada.fr\/boutique\/"},{"@type":"ListItem","position":3,"name":"Custom cadre TCG"}]},{"@type":"WebSite","@id":"https:\/\/hyada.fr\/#website","url":"https:\/\/hyada.fr\/","name":"Fantasticove","description":"Cr\u00e9ation de projets en tous genres (peinture, couture, costume, cartes custom TCG...)","publisher":{"@id":"https:\/\/hyada.fr\/#organization"},"potentialAction":[{"@type":"SearchAction","target":{"@type":"EntryPoint","urlTemplate":"https:\/\/hyada.fr\/?s={search_term_string}"},"query-input":{"@type":"PropertyValueSpecification","valueRequired":true,"valueName":"search_term_string"}}],"inLanguage":"en-US"},{"@type":"Organization","@id":"https:\/\/hyada.fr\/#organization","name":"Fantasticove","url":"https:\/\/hyada.fr\/","logo":{"@type":"ImageObject","inLanguage":"en-US","@id":"https:\/\/hyada.fr\/#\/schema\/logo\/image\/","url":"https:\/\/hyada.fr\/wp-content\/uploads\/2025\/10\/Logo.png","contentUrl":"https:\/\/hyada.fr\/wp-content\/uploads\/2025\/10\/Logo.png","width":2481,"height":1772,"caption":"Fantasticove"},"image":{"@id":"https:\/\/hyada.fr\/#\/schema\/logo\/image\/"}}]}},"_links":{"self":[{"href":"https:\/\/hyada.fr\/en\/wp-json\/wp\/v2\/product\/616","targetHints":{"allow":["GET"]}}],"collection":[{"href":"https:\/\/hyada.fr\/en\/wp-json\/wp\/v2\/product"}],"about":[{"href":"https:\/\/hyada.fr\/en\/wp-json\/wp\/v2\/types\/product"}],"replies":[{"embeddable":true,"href":"https:\/\/hyada.fr\/en\/wp-json\/wp\/v2\/comments?post=616"}],"wp:featuredmedia":[{"embeddable":true,"href":"https:\/\/hyada.fr\/en\/wp-json\/wp\/v2\/media\/617"}],"wp:attachment":[{"href":"https:\/\/hyada.fr\/en\/wp-json\/wp\/v2\/media?parent=616"}],"wp:term":[{"taxonomy":"product_brand","embeddable":true,"href":"https:\/\/hyada.fr\/en\/wp-json\/wp\/v2\/product_brand?post=616"},{"taxonomy":"product_cat","embeddable":true,"href":"https:\/\/hyada.fr\/en\/wp-json\/wp\/v2\/product_cat?post=616"},{"taxonomy":"product_tag","embeddable":true,"href":"https:\/\/hyada.fr\/en\/wp-json\/wp\/v2\/product_tag?post=616"}],"curies":[{"name":"wp","href":"https:\/\/api.w.org\/{rel}","templated":true}]}}